{"id":63,"date":"2022-03-02T10:49:43","date_gmt":"2022-03-02T10:49:43","guid":{"rendered":"http:\/\/www.nunegal.com\/web\/?page_id=63"},"modified":"2023-02-09T08:24:41","modified_gmt":"2023-02-09T08:24:41","slug":"politica-de-gestion","status":"publish","type":"page","link":"https:\/\/www.nunegal.com\/web\/politica-de-gestion\/","title":{"rendered":"Pol\u00edtica de gesti\u00f3n"},"content":{"rendered":"<p><strong>NUNEGAL CONSULTING,&nbsp;<\/strong>es una empresa de \u201cServicios de consultor\u00eda y desarrollo de software\u201d, cuenta con profesionales que acumulan m\u00e1s de 20 a\u00f1os de experiencia en el sector TIC. Trabajando en distintos sectores como la industria, la sanidad, la banca o la administraci\u00f3n p\u00fablica, cuyo objetivo principal es trabajar para satisfacer las necesidades de nuestros clientes.<\/p>\n<p>Nuestra misi\u00f3n es ayudar a nuestros clientes a emprender proyectos tecnol\u00f3gicos. Somos especialistas en las principales \u00e1reas de IT: Desarrollo, bases de datos, testing\u2026 y la externalizaci\u00f3n de estos procesos, permite a nuestros clientes obtener una mejora del rendimiento de sus compa\u00f1\u00edas. Para ello,&nbsp;<strong>NUNEGAL CONSULTING<\/strong>, cuenta con: Recursos humanos adecuados. Recursos t\u00e9cnicos necesarios. Instalaciones propias. Experiencia probada en la gesti\u00f3n de soluciones externalizaci\u00f3n. Herramientas t\u00e9cnicas y de control.<\/p>\n<p>Nuestra visi\u00f3n es que el mejor resultado se consigue uniendo nuestras fuerzas, con las de nuestros clientes, trabajando cerca con sus equipos, y proponer soluciones que se ajustan a los objetivos de su negocio; preocup\u00e1ndonos por su negocio, y buscando las mejores soluciones para mejorar la productividad y el ahorro de costes. La Direcci\u00f3n de&nbsp;<strong>NUNEGAL CONSULTING<\/strong>&nbsp;enfoca el Sistema de Gesti\u00f3n de la Calidad y de Seguridad de la Informaci\u00f3n, como una manera de organizar el funcionamiento de la empresa partiendo de unos pilares b\u00e1sicos como son la Calidad de sus servicios, la satisfacci\u00f3n del cliente y la mejora continua de la eficacia del Sistema. Para ello, el Sistema de Gesti\u00f3n de la Calidad de<strong>&nbsp;NUNEGAL CONSULTING<\/strong>&nbsp;se basa en:<\/p>\n<ul>\n<li>La Calidad, el Medioambiente, la Seguridad de la Informaci\u00f3n y su mejora son responsabilidad de todos los integrantes de la empresa empezando desde arriba<\/li>\n<li>El m\u00e1ximo grado de calidad y respeto hacia el medioambiente, as\u00ed como de Seguridad de la informaci\u00f3n se obtiene planificando, ejecutando, revisando y mejorando el Sistema de Gesti\u00f3n para prevenir los posibles errores.<\/li>\n<li>Cumplir con la legislaci\u00f3n y reglamentaci\u00f3n medioambiental, protecci\u00f3n de datos y seguridad de informaci\u00f3n aplicable, as\u00ed como con otros requisitos que nuestra empresa suscriba.<\/li>\n<li>Establecer y revisar regularmente objetivos y metas acordes con los compromisos asumidos en esta declaraci\u00f3n. Para la aplicaci\u00f3n efectiva de estos principios, es absolutamente necesario el apoyo a los mismos tanto del equipo directivo como de la plantilla.<\/li>\n<li>Intensificar de manera continua nuestra gesti\u00f3n medioambiental para obtener mejoras en el comportamiento global de la empresa, con un enfoque de an\u00e1lisis de ciclo de vida.<\/li>\n<li>Establecer un compromiso expl\u00edcito de la protecci\u00f3n del medio ambiente, tomando especial relevancia la protecci\u00f3n de la contaminaci\u00f3n y el respeto hacia el entorno m\u00e1s cercano.<\/li>\n<li>La Calidad est\u00e1 orientada hacia la Satisfacci\u00f3n de todos nuestros clientes mediante el compromiso de toda la organizaci\u00f3n en cumplir con sus necesidades y requisitos, as\u00ed como los requisitos legales y reglamentarios y los propios de los productos.<\/li>\n<li>Promover un uso eficiente de los recursos naturales disponibles.<\/li>\n<li>Orientaci\u00f3n hacia la Mejora Continua tanto de los procesos productivos como de la eficacia del Sistema de Gesti\u00f3n de la Calidad, Medioambiente y Seguridad de la informaci\u00f3n en el que prevenir los errores sea un aspecto fundamental.<\/li>\n<li>La planificaci\u00f3n del tratamiento de los riesgos, para asegurar la disponibilidad, integridad y confidencialidad de la informaci\u00f3n, vinculada a la prestaci\u00f3n de los servicios.<\/li>\n<li>La integraci\u00f3n de los riesgos de seguridad de la informaci\u00f3n en la planificaci\u00f3n de nuevos procesos y en la modificaci\u00f3n de los ya existentes<\/li>\n<li>Prestar la m\u00e1xima atenci\u00f3n a la evoluci\u00f3n tecnol\u00f3gica y a las posibles mejoras que las nuevas tecnolog\u00edas pusieran a nuestra disposici\u00f3n.<\/li>\n<li>Es fundamental la participaci\u00f3n y colaboraci\u00f3n de todos por lo que esta Pol\u00edtica es difundida a todo el personal de la empresa para su conocimiento y comprensi\u00f3n.<\/li>\n<\/ul>\n<p>Para la aplicaci\u00f3n efectiva de estos principios, es absolutamente necesario el apoyo a los mismos tanto del equipo directivo como de la plantilla.<\/p>\n<p>La Direcci\u00f3n revisar\u00e1 peri\u00f3dicamente esta Pol\u00edtica con el objeto de desarrollar el concepto de mejora continua y asegurando, de esta forma, su mantenimiento actualizado.<\/p>\n<p>A Coru\u00f1a, 19 de abril de 2021<\/p>\n","protected":false},"excerpt":{"rendered":"<p>NUNEGAL CONSULTING,&nbsp;es una empresa de \u201cServicios de consultor\u00eda y desarrollo de software\u201d, cuenta con profesionales que acumulan m\u00e1s de 20 a\u00f1os de experiencia en el sector TIC. Trabajando en distintos sectores como la industria, la sanidad, la banca o la administraci\u00f3n p\u00fablica, cuyo objetivo principal es trabajar para satisfacer las necesidades de nuestros clientes. Nuestra [&hellip;]<\/p>\n","protected":false},"author":1,"featured_media":0,"parent":0,"menu_order":0,"comment_status":"closed","ping_status":"closed","template":"","meta":{"footnotes":""},"class_list":["post-63","page","type-page","status-publish","hentry"],"aioseo_notices":[],"jetpack_sharing_enabled":true,"_links":{"self":[{"href":"https:\/\/www.nunegal.com\/web\/wp-json\/wp\/v2\/pages\/63","targetHints":{"allow":["GET"]}}],"collection":[{"href":"https:\/\/www.nunegal.com\/web\/wp-json\/wp\/v2\/pages"}],"about":[{"href":"https:\/\/www.nunegal.com\/web\/wp-json\/wp\/v2\/types\/page"}],"author":[{"embeddable":true,"href":"https:\/\/www.nunegal.com\/web\/wp-json\/wp\/v2\/users\/1"}],"replies":[{"embeddable":true,"href":"https:\/\/www.nunegal.com\/web\/wp-json\/wp\/v2\/comments?post=63"}],"version-history":[{"count":3,"href":"https:\/\/www.nunegal.com\/web\/wp-json\/wp\/v2\/pages\/63\/revisions"}],"predecessor-version":[{"id":1597,"href":"https:\/\/www.nunegal.com\/web\/wp-json\/wp\/v2\/pages\/63\/revisions\/1597"}],"wp:attachment":[{"href":"https:\/\/www.nunegal.com\/web\/wp-json\/wp\/v2\/media?parent=63"}],"curies":[{"name":"wp","href":"https:\/\/api.w.org\/{rel}","templated":true}]}}